{"id":4796,"date":"2016-05-25T16:55:31","date_gmt":"2016-05-25T20:55:31","guid":{"rendered":"https:\/\/staging.montsutton.com\/en\/activites\/activites-en-region\/"},"modified":"2025-05-08T15:21:13","modified_gmt":"2025-05-08T19:21:13","slug":"activities-in-the-area","status":"publish","type":"page","link":"https:\/\/staging.montsutton.com\/en\/activities\/activities-in-the-area\/","title":{"rendered":"Activities in the area"},"content":{"rendered":"","protected":false},"excerpt":{"rendered":"","protected":false},"author":23,"featured_media":0,"parent":4794,"menu_order":0,"comment_status":"closed","ping_status":"closed","template":"activities.php","meta":{"_acf_changed":false,"footnotes":""},"class_list":["post-4796","page","type-page","status-publish","hentry"],"acf":{"show_breadcrumb":true,"activities_banner":"https:\/\/staging.montsutton.com\/wp-content\/uploads\/2016\/05\/Randonnee_PENS_Lac-Spruce_SUTTON.jpg","activity_type":"region","show_call_to_action":true,"call_title":"Discover our activities <br> at the Mountain","call_img":"https:\/\/staging.montsutton.com\/wp-content\/uploads\/2016\/05\/sous-bois_activites_mont_sutton.jpg","call_txt":"Discover the moutain with a new eye with our panel of activities","call_btn-txt":"Discover","call_btn-link":"https:\/\/staging.montsutton.com\/en\/activities\/activities-at-the-mountain\/","titre":"","texte":"","texte_btn":"","lien_btn":"","activities_title":"         ","activities_btn-date-subtitle":"Activit\u00e9s par","activities_btn-date-title":"Date","activities_btn-season-subtitle":"Activit\u00e9s par","activities_btn-season-title":"Saison","activities_btn-all-txt":"Voir toutes les activit\u00e9s","activities_btn-link":"https:\/\/staging.montsutton.com\/en\/activities\/activities-in-the-area\/"},"yoast_head":"<!-- This site is optimized with the Yoast SEO plugin v26.2 - https:\/\/yoast.com\/wordpress\/plugins\/seo\/ -->\n<title>Activities in the area - Mont SUTTON<\/title>\n<meta name=\"description\" content=\"Explore activities in the SUTTON area: nature, culture, local products and events for a complete and memorable getaway.\" \/>\n<meta name=\"robots\" content=\"noindex, follow, max-snippet:-1, max-image-preview:large, max-video-preview:-1\" \/>\n<meta property=\"og:locale\" content=\"en_US\" \/>\n<meta property=\"og:type\" content=\"article\" \/>\n<meta property=\"og:title\" content=\"Activities in the area - Mont SUTTON\" \/>\n<meta property=\"og:description\" content=\"Explore activities in the SUTTON area: nature, culture, local products and events for a complete and memorable getaway.\" \/>\n<meta property=\"og:url\" content=\"http:\/\/staging.montsutton.com\/en\/activities\/activities-in-the-area\/\" \/>\n<meta property=\"og:site_name\" content=\"Mont SUTTON\" \/>\n<meta property=\"article:publisher\" content=\"https:\/\/www.facebook.com\/montsutton\" \/>\n<meta property=\"article:modified_time\" content=\"2025-05-08T19:21:13+00:00\" \/>\n<meta name=\"twitter:card\" content=\"summary_large_image\" \/>\n<meta name=\"twitter:site\" content=\"@montsutton\" \/>\n<script type=\"application\/ld+json\" class=\"yoast-schema-graph\">{\"@context\":\"https:\/\/schema.org\",\"@graph\":[{\"@type\":\"WebPage\",\"@id\":\"https:\/\/staging.montsutton.com\/en\/activities\/activities-in-the-area\/\",\"url\":\"https:\/\/staging.montsutton.com\/en\/activities\/activities-in-the-area\/\",\"name\":\"Activities in the area - Mont SUTTON\",\"isPartOf\":{\"@id\":\"https:\/\/staging.montsutton.com\/#website\"},\"datePublished\":\"2016-05-25T20:55:31+00:00\",\"dateModified\":\"2025-05-08T19:21:13+00:00\",\"description\":\"Explore activities in the SUTTON area: nature, culture, local products and events for a complete and memorable getaway.\",\"breadcrumb\":{\"@id\":\"https:\/\/staging.montsutton.com\/en\/activities\/activities-in-the-area\/#breadcrumb\"},\"inLanguage\":\"en-US\",\"potentialAction\":[{\"@type\":\"ReadAction\",\"target\":[\"https:\/\/staging.montsutton.com\/en\/activities\/activities-in-the-area\/\"]}]},{\"@type\":\"BreadcrumbList\",\"@id\":\"https:\/\/staging.montsutton.com\/en\/activities\/activities-in-the-area\/#breadcrumb\",\"itemListElement\":[{\"@type\":\"ListItem\",\"position\":1,\"name\":\"Home\",\"item\":\"https:\/\/staging.montsutton.com\/en\/home\/\"},{\"@type\":\"ListItem\",\"position\":2,\"name\":\"Activities\",\"item\":\"https:\/\/staging.montsutton.com\/en\/activities\/\"},{\"@type\":\"ListItem\",\"position\":3,\"name\":\"Activities in the area\"}]},{\"@type\":\"WebSite\",\"@id\":\"https:\/\/staging.montsutton.com\/#website\",\"url\":\"https:\/\/staging.montsutton.com\/\",\"name\":\"Mont SUTTON\",\"description\":\"Station de Ski au Qu\u00e9bec dans les Cantons-de-l&#039;Est -\",\"publisher\":{\"@id\":\"https:\/\/staging.montsutton.com\/#organization\"},\"potentialAction\":[{\"@type\":\"SearchAction\",\"target\":{\"@type\":\"EntryPoint\",\"urlTemplate\":\"https:\/\/staging.montsutton.com\/?s={search_term_string}\"},\"query-input\":{\"@type\":\"PropertyValueSpecification\",\"valueRequired\":true,\"valueName\":\"search_term_string\"}}],\"inLanguage\":\"en-US\"},{\"@type\":\"Organization\",\"@id\":\"https:\/\/staging.montsutton.com\/#organization\",\"name\":\"Mont SUTTON\",\"url\":\"https:\/\/staging.montsutton.com\/\",\"logo\":{\"@type\":\"ImageObject\",\"inLanguage\":\"en-US\",\"@id\":\"https:\/\/staging.montsutton.com\/#\/schema\/logo\/image\/\",\"url\":\"https:\/\/staging.montsutton.com\/wp-content\/uploads\/2016\/12\/logo_MontSutton.png\",\"contentUrl\":\"https:\/\/staging.montsutton.com\/wp-content\/uploads\/2016\/12\/logo_MontSutton.png\",\"width\":338,\"height\":176,\"caption\":\"Mont SUTTON\"},\"image\":{\"@id\":\"https:\/\/staging.montsutton.com\/#\/schema\/logo\/image\/\"},\"sameAs\":[\"https:\/\/www.facebook.com\/montsutton\",\"https:\/\/x.com\/montsutton\",\"https:\/\/www.instagram.com\/montsutton\/\",\"https:\/\/www.youtube.com\/user\/montsutton\"]}]}<\/script>\n<!-- \/ Yoast SEO plugin. -->","yoast_head_json":{"title":"Activities in the area - Mont SUTTON","description":"Explore activities in the SUTTON area: nature, culture, local products and events for a complete and memorable getaway.","robots":{"index":"noindex","follow":"follow","max-snippet":"max-snippet:-1","max-image-preview":"max-image-preview:large","max-video-preview":"max-video-preview:-1"},"og_locale":"en_US","og_type":"article","og_title":"Activities in the area - Mont SUTTON","og_description":"Explore activities in the SUTTON area: nature, culture, local products and events for a complete and memorable getaway.","og_url":"http:\/\/staging.montsutton.com\/en\/activities\/activities-in-the-area\/","og_site_name":"Mont SUTTON","article_publisher":"https:\/\/www.facebook.com\/montsutton","article_modified_time":"2025-05-08T19:21:13+00:00","twitter_card":"summary_large_image","twitter_site":"@montsutton","schema":{"@context":"https:\/\/schema.org","@graph":[{"@type":"WebPage","@id":"https:\/\/staging.montsutton.com\/en\/activities\/activities-in-the-area\/","url":"https:\/\/staging.montsutton.com\/en\/activities\/activities-in-the-area\/","name":"Activities in the area - Mont SUTTON","isPartOf":{"@id":"https:\/\/staging.montsutton.com\/#website"},"datePublished":"2016-05-25T20:55:31+00:00","dateModified":"2025-05-08T19:21:13+00:00","description":"Explore activities in the SUTTON area: nature, culture, local products and events for a complete and memorable getaway.","breadcrumb":{"@id":"https:\/\/staging.montsutton.com\/en\/activities\/activities-in-the-area\/#breadcrumb"},"inLanguage":"en-US","potentialAction":[{"@type":"ReadAction","target":["https:\/\/staging.montsutton.com\/en\/activities\/activities-in-the-area\/"]}]},{"@type":"BreadcrumbList","@id":"https:\/\/staging.montsutton.com\/en\/activities\/activities-in-the-area\/#breadcrumb","itemListElement":[{"@type":"ListItem","position":1,"name":"Home","item":"https:\/\/staging.montsutton.com\/en\/home\/"},{"@type":"ListItem","position":2,"name":"Activities","item":"https:\/\/staging.montsutton.com\/en\/activities\/"},{"@type":"ListItem","position":3,"name":"Activities in the area"}]},{"@type":"WebSite","@id":"https:\/\/staging.montsutton.com\/#website","url":"https:\/\/staging.montsutton.com\/","name":"Mont SUTTON","description":"Station de Ski au Qu\u00e9bec dans les Cantons-de-l&#039;Est -","publisher":{"@id":"https:\/\/staging.montsutton.com\/#organization"},"potentialAction":[{"@type":"SearchAction","target":{"@type":"EntryPoint","urlTemplate":"https:\/\/staging.montsutton.com\/?s={search_term_string}"},"query-input":{"@type":"PropertyValueSpecification","valueRequired":true,"valueName":"search_term_string"}}],"inLanguage":"en-US"},{"@type":"Organization","@id":"https:\/\/staging.montsutton.com\/#organization","name":"Mont SUTTON","url":"https:\/\/staging.montsutton.com\/","logo":{"@type":"ImageObject","inLanguage":"en-US","@id":"https:\/\/staging.montsutton.com\/#\/schema\/logo\/image\/","url":"https:\/\/staging.montsutton.com\/wp-content\/uploads\/2016\/12\/logo_MontSutton.png","contentUrl":"https:\/\/staging.montsutton.com\/wp-content\/uploads\/2016\/12\/logo_MontSutton.png","width":338,"height":176,"caption":"Mont SUTTON"},"image":{"@id":"https:\/\/staging.montsutton.com\/#\/schema\/logo\/image\/"},"sameAs":["https:\/\/www.facebook.com\/montsutton","https:\/\/x.com\/montsutton","https:\/\/www.instagram.com\/montsutton\/","https:\/\/www.youtube.com\/user\/montsutton"]}]}},"publishpress_future_action":{"enabled":false,"date":"2026-05-11 08:38:22","action":"change-status","newStatus":"draft","terms":[],"taxonomy":"translation_priority","extraData":[]},"publishpress_future_workflow_manual_trigger":{"enabledWorkflows":[]},"_links":{"self":[{"href":"https:\/\/staging.montsutton.com\/en\/wp-json\/wp\/v2\/pages\/4796","targetHints":{"allow":["GET"]}}],"collection":[{"href":"https:\/\/staging.montsutton.com\/en\/wp-json\/wp\/v2\/pages"}],"about":[{"href":"https:\/\/staging.montsutton.com\/en\/wp-json\/wp\/v2\/types\/page"}],"author":[{"embeddable":true,"href":"https:\/\/staging.montsutton.com\/en\/wp-json\/wp\/v2\/users\/23"}],"replies":[{"embeddable":true,"href":"https:\/\/staging.montsutton.com\/en\/wp-json\/wp\/v2\/comments?post=4796"}],"version-history":[{"count":2,"href":"https:\/\/staging.montsutton.com\/en\/wp-json\/wp\/v2\/pages\/4796\/revisions"}],"predecessor-version":[{"id":64847,"href":"https:\/\/staging.montsutton.com\/en\/wp-json\/wp\/v2\/pages\/4796\/revisions\/64847"}],"up":[{"embeddable":true,"href":"https:\/\/staging.montsutton.com\/en\/wp-json\/wp\/v2\/pages\/4794"}],"wp:attachment":[{"href":"https:\/\/staging.montsutton.com\/en\/wp-json\/wp\/v2\/media?parent=4796"}],"curies":[{"name":"wp","href":"https:\/\/api.w.org\/{rel}","templated":true}]}}