{"id":4836,"date":"2015-11-18T16:45:09","date_gmt":"2015-11-18T21:45:09","guid":{"rendered":"https:\/\/staging.montsutton.com\/en\/rate\/season-pass\/passe-du-lundi\/"},"modified":"2025-05-01T15:32:20","modified_gmt":"2025-05-01T19:32:20","slug":"monday-pass","status":"publish","type":"page","link":"https:\/\/staging.montsutton.com\/en\/season-passes\/monday-pass\/","title":{"rendered":"Monday pass"},"content":{"rendered":"<table style=\"border-collapse: collapse; width: 100%;\" border=\"1\">\n<tbody>\n<tr>\n<td style=\"width: 100%;\">&nbsp;<\/p>\n<p style=\"text-align: center;\"><strong>Sign up before September 30, 2025 and get 10% OFF your season pass!<\/strong><\/p>\n<p style=\"text-align: center;\"><strong>More good news: Installment payments online now also available!<\/strong><\/p>\n<p>&nbsp;<\/td>\n<\/tr>\n<\/tbody>\n<\/table>\n<p>&nbsp;<\/p>\n<p>Ski EVERY MONDAY of the 2024-2025 season with no restrictions!<\/p>\n<p>&nbsp;<\/p>\n<table style=\"width: 100%; border-collapse: collapse; height: 72px;\" border=\"0\">\n<tbody>\n<tr style=\"height: 24px;\">\n<th style=\"width: 50%; height: 24px; text-align: center;\"><strong>MONDAY PASS<\/strong><\/th>\n<th style=\"width: 50%; height: 24px; text-align: center;\"><span style=\"font-family: inherit; font-size: inherit;\">PRICING<\/span><\/th>\n<\/tr>\n<tr style=\"height: 24px;\">\n<td style=\"width: 50%; height: 24px; text-align: center;\">Rate per person (any ages)<\/td>\n<td style=\"width: 50%; height: 24px; text-align: center;\"><s>$221 $<\/s> <strong style=\"color: red;\">$198.90<\/strong><\/td>\n<\/tr>\n<tr style=\"height: 24px;\">\n<td style=\"width: 50%; height: 24px; text-align: center;\" colspan=\"2\">\n<p style=\"text-align: center;\"><strong><a data-accesso-package=\"1253\">BUY YOUR SEASON PASS HERE<\/a><\/strong><\/p>\n<\/td>\n<\/tr>\n<\/tbody>\n<\/table>\n<h4 style=\"text-align: center;\"><\/h4>\n<p>&nbsp;<\/p>\n<h5 style=\"text-align: left;\"><a href=\"https:\/\/staging.montsutton.com\/en\/season-passes\/monday-pass\/?module=wtpnumber\">Or reload your pass directly on your existing card!<\/a><\/h5>\n<p>&nbsp;<\/p>\n<p>&nbsp;<\/p>\n<p>Furthermore, the Monday Season Pass holders will also benefit from a 25% discount on daily lift tickets at regular rate for the days not covered by their season pass, upon reservation and depending on availability (the tickets are not transferable). <a href=\"https:\/\/staging.montsutton.com\/en\/season-passes\/monday-pass\/?module=wtpnumber\">You can buy your day ticket at a 25% discount\u00a0online on the reload section<\/a>, at customer service or by phone (please allow 12 to 24 hours for a return call). It will be loaded onto your pass so you can go straight to the chairlifts!<\/p>\n<p>&nbsp;<\/p>\n<p>&nbsp;<\/p>\n<p><span class=\"legal_txt\" data-teams=\"true\"><span class=\"ui-provider a b c d e f g h i j k l m n o p q r s t u v w x y z ab ac ae af ag ah ai aj ak\" dir=\"ltr\"><u>Conditions<\/u><br \/>\nTaxes are not included. Rates may change without notice.<br \/>\nAll season passes are non refundable, except with the <a id=\"menur8u\" class=\"fui-Link ___1q1shib f2hkw1w f3rmtva f1ewtqcl fyind8e f1k6fduh f1w7gpdv fk6fouc fjoy568 figsok6 f1s184ao f1mk8lai fnbmjn9 f1o700av f13mvf36 f1cmlufx f9n3di6 f1ids18y f1tx3yz7 f1deo86v f1eh06m1 f1iescvh fhgqx19 f1olyrje f1p93eir f1nev41a f1h8hb77 f1lqvz6u f10aw75t fsle3fq f17ae5zn\" title=\"https:\/\/staging.montsutton.com\/wp-content\/uploads\/2024\/02\/cancellation_protection_insurance_2024-2025.pdf\" href=\"https:\/\/staging.montsutton.com\/wp-content\/uploads\/2025\/03\/CANCELLATION_PROTECTION_INSURANCE_2025-2026.pdf\" target=\"_blank\" rel=\"noreferrer noopener\" aria-label=\"Lien Cancellation Protection Program\">Cancellation Protection Program<\/a> subscription.<br \/>\n<\/span><\/span><\/p>\n","protected":false},"excerpt":{"rendered":"<p>&nbsp; Sign up before September 30, 2025 and get 10% OFF your season pass! More good news: Installment payments online now also available! &nbsp; &nbsp; Ski EVERY MONDAY of the 2024-2025 season with no restrictions! &nbsp; MONDAY PASS PRICING Rate [&hellip;]<\/p>\n","protected":false},"author":23,"featured_media":0,"parent":3766,"menu_order":0,"comment_status":"closed","ping_status":"closed","template":"rates2_card.php","meta":{"_acf_changed":false,"footnotes":""},"class_list":["post-4836","page","type-page","status-publish","hentry"],"acf":{"subtitle":"Unlimited mondays","sidebar-red_title":"You might also like","sidebar-red_repeater":[{"sidebar-red_pass_title":"Friday pass","sidebar-red_pass_subtitle":"","sidebar-red_pass_btn_txt":"Learn more","sidebar-red_pass_btn_link":"https:\/\/staging.montsutton.com\/en\/season-passes\/friday-pass\/","sidebar-red_pass_btn_link_url":""},{"sidebar-red_pass_title":"Little pass","sidebar-red_pass_subtitle":"","sidebar-red_pass_btn_txt":"Learn more","sidebar-red_pass_btn_link":"https:\/\/staging.montsutton.com\/en\/season-passes\/little-pass\/","sidebar-red_pass_btn_link_url":""}],"sidebar_btn_txt":"Buy online","sidebar_btn_link":"https:\/\/staging.montsutton.com\/en\/season-passes\/monday-pass\/?package=1253","sidebar-grey_title":"Easier than ever to buy your pass online!","sidebar-grey_phone_subtitle":"Reach the Call Center","sidebar-grey_tel":"1-866-538-2545, ext. 0","sidebar-grey_btn_form_txt":"Subscribe to our newsletter","sidebar-grey_btn_form_link":"https:\/\/staging.montsutton.com\/en\/subscribe\/","full-call_title":"EXCLUSIF AUX MEMBRES","full-call_img":"https:\/\/staging.montsutton.com\/wp-content\/uploads\/2015\/11\/full-call_fichetarif_avantage.jpg","full-call_txt":"Seule votre passe de saison SUTTON 5 ou 7 jours illimit\u00e9e vous ouvre la piste \u00e0 autant de rabais et de privil\u00e8ges exclusifs ou gratuits","full-call_btn-txt":"En savoir plus","full-call_btn-link":""},"yoast_head":"<!-- This site is optimized with the Yoast SEO plugin v26.2 - https:\/\/yoast.com\/wordpress\/plugins\/seo\/ -->\n<title>Monday pass - Mont SUTTON<\/title>\n<meta name=\"description\" content=\"Ski every Monday of the 2024-2025 season with no restrictions!\" \/>\n<meta name=\"robots\" content=\"noindex, follow, max-snippet:-1, max-image-preview:large, max-video-preview:-1\" \/>\n<meta property=\"og:locale\" content=\"en_US\" \/>\n<meta property=\"og:type\" content=\"article\" \/>\n<meta property=\"og:title\" content=\"Monday pass - Mont SUTTON\" \/>\n<meta property=\"og:description\" content=\"Ski every Monday of the 2024-2025 season with no restrictions!\" \/>\n<meta property=\"og:url\" content=\"http:\/\/staging.montsutton.com\/en\/season-passes\/monday-pass\/\" \/>\n<meta property=\"og:site_name\" content=\"Mont SUTTON\" \/>\n<meta property=\"article:publisher\" content=\"https:\/\/www.facebook.com\/montsutton\" \/>\n<meta property=\"article:modified_time\" content=\"2025-05-01T19:32:20+00:00\" \/>\n<meta name=\"twitter:card\" content=\"summary_large_image\" \/>\n<meta name=\"twitter:site\" content=\"@montsutton\" \/>\n<meta name=\"twitter:label1\" content=\"Est. reading time\" \/>\n\t<meta name=\"twitter:data1\" content=\"1 minute\" \/>\n<script type=\"application\/ld+json\" class=\"yoast-schema-graph\">{\"@context\":\"https:\/\/schema.org\",\"@graph\":[{\"@type\":\"WebPage\",\"@id\":\"https:\/\/staging.montsutton.com\/en\/season-passes\/monday-pass\/\",\"url\":\"https:\/\/staging.montsutton.com\/en\/season-passes\/monday-pass\/\",\"name\":\"Monday pass - Mont SUTTON\",\"isPartOf\":{\"@id\":\"https:\/\/staging.montsutton.com\/#website\"},\"datePublished\":\"2015-11-18T21:45:09+00:00\",\"dateModified\":\"2025-05-01T19:32:20+00:00\",\"description\":\"Ski every Monday of the 2024-2025 season with no restrictions!\",\"breadcrumb\":{\"@id\":\"https:\/\/staging.montsutton.com\/en\/season-passes\/monday-pass\/#breadcrumb\"},\"inLanguage\":\"en-US\",\"potentialAction\":[{\"@type\":\"ReadAction\",\"target\":[\"https:\/\/staging.montsutton.com\/en\/season-passes\/monday-pass\/\"]}]},{\"@type\":\"BreadcrumbList\",\"@id\":\"https:\/\/staging.montsutton.com\/en\/season-passes\/monday-pass\/#breadcrumb\",\"itemListElement\":[{\"@type\":\"ListItem\",\"position\":1,\"name\":\"Home\",\"item\":\"https:\/\/staging.montsutton.com\/en\/home\/\"},{\"@type\":\"ListItem\",\"position\":2,\"name\":\"Season Passes\",\"item\":\"https:\/\/staging.montsutton.com\/en\/season-passes\/\"},{\"@type\":\"ListItem\",\"position\":3,\"name\":\"Monday pass\"}]},{\"@type\":\"WebSite\",\"@id\":\"https:\/\/staging.montsutton.com\/#website\",\"url\":\"https:\/\/staging.montsutton.com\/\",\"name\":\"Mont SUTTON\",\"description\":\"Station de Ski au Qu\u00e9bec dans les Cantons-de-l&#039;Est -\",\"publisher\":{\"@id\":\"https:\/\/staging.montsutton.com\/#organization\"},\"potentialAction\":[{\"@type\":\"SearchAction\",\"target\":{\"@type\":\"EntryPoint\",\"urlTemplate\":\"https:\/\/staging.montsutton.com\/?s={search_term_string}\"},\"query-input\":{\"@type\":\"PropertyValueSpecification\",\"valueRequired\":true,\"valueName\":\"search_term_string\"}}],\"inLanguage\":\"en-US\"},{\"@type\":\"Organization\",\"@id\":\"https:\/\/staging.montsutton.com\/#organization\",\"name\":\"Mont SUTTON\",\"url\":\"https:\/\/staging.montsutton.com\/\",\"logo\":{\"@type\":\"ImageObject\",\"inLanguage\":\"en-US\",\"@id\":\"https:\/\/staging.montsutton.com\/#\/schema\/logo\/image\/\",\"url\":\"https:\/\/staging.montsutton.com\/wp-content\/uploads\/2016\/12\/logo_MontSutton.png\",\"contentUrl\":\"https:\/\/staging.montsutton.com\/wp-content\/uploads\/2016\/12\/logo_MontSutton.png\",\"width\":338,\"height\":176,\"caption\":\"Mont SUTTON\"},\"image\":{\"@id\":\"https:\/\/staging.montsutton.com\/#\/schema\/logo\/image\/\"},\"sameAs\":[\"https:\/\/www.facebook.com\/montsutton\",\"https:\/\/x.com\/montsutton\",\"https:\/\/www.instagram.com\/montsutton\/\",\"https:\/\/www.youtube.com\/user\/montsutton\"]}]}<\/script>\n<!-- \/ Yoast SEO plugin. -->","yoast_head_json":{"title":"Monday pass - Mont SUTTON","description":"Ski every Monday of the 2024-2025 season with no restrictions!","robots":{"index":"noindex","follow":"follow","max-snippet":"max-snippet:-1","max-image-preview":"max-image-preview:large","max-video-preview":"max-video-preview:-1"},"og_locale":"en_US","og_type":"article","og_title":"Monday pass - Mont SUTTON","og_description":"Ski every Monday of the 2024-2025 season with no restrictions!","og_url":"http:\/\/staging.montsutton.com\/en\/season-passes\/monday-pass\/","og_site_name":"Mont SUTTON","article_publisher":"https:\/\/www.facebook.com\/montsutton","article_modified_time":"2025-05-01T19:32:20+00:00","twitter_card":"summary_large_image","twitter_site":"@montsutton","twitter_misc":{"Est. reading time":"1 minute"},"schema":{"@context":"https:\/\/schema.org","@graph":[{"@type":"WebPage","@id":"https:\/\/staging.montsutton.com\/en\/season-passes\/monday-pass\/","url":"https:\/\/staging.montsutton.com\/en\/season-passes\/monday-pass\/","name":"Monday pass - Mont SUTTON","isPartOf":{"@id":"https:\/\/staging.montsutton.com\/#website"},"datePublished":"2015-11-18T21:45:09+00:00","dateModified":"2025-05-01T19:32:20+00:00","description":"Ski every Monday of the 2024-2025 season with no restrictions!","breadcrumb":{"@id":"https:\/\/staging.montsutton.com\/en\/season-passes\/monday-pass\/#breadcrumb"},"inLanguage":"en-US","potentialAction":[{"@type":"ReadAction","target":["https:\/\/staging.montsutton.com\/en\/season-passes\/monday-pass\/"]}]},{"@type":"BreadcrumbList","@id":"https:\/\/staging.montsutton.com\/en\/season-passes\/monday-pass\/#breadcrumb","itemListElement":[{"@type":"ListItem","position":1,"name":"Home","item":"https:\/\/staging.montsutton.com\/en\/home\/"},{"@type":"ListItem","position":2,"name":"Season Passes","item":"https:\/\/staging.montsutton.com\/en\/season-passes\/"},{"@type":"ListItem","position":3,"name":"Monday pass"}]},{"@type":"WebSite","@id":"https:\/\/staging.montsutton.com\/#website","url":"https:\/\/staging.montsutton.com\/","name":"Mont SUTTON","description":"Station de Ski au Qu\u00e9bec dans les Cantons-de-l&#039;Est -","publisher":{"@id":"https:\/\/staging.montsutton.com\/#organization"},"potentialAction":[{"@type":"SearchAction","target":{"@type":"EntryPoint","urlTemplate":"https:\/\/staging.montsutton.com\/?s={search_term_string}"},"query-input":{"@type":"PropertyValueSpecification","valueRequired":true,"valueName":"search_term_string"}}],"inLanguage":"en-US"},{"@type":"Organization","@id":"https:\/\/staging.montsutton.com\/#organization","name":"Mont SUTTON","url":"https:\/\/staging.montsutton.com\/","logo":{"@type":"ImageObject","inLanguage":"en-US","@id":"https:\/\/staging.montsutton.com\/#\/schema\/logo\/image\/","url":"https:\/\/staging.montsutton.com\/wp-content\/uploads\/2016\/12\/logo_MontSutton.png","contentUrl":"https:\/\/staging.montsutton.com\/wp-content\/uploads\/2016\/12\/logo_MontSutton.png","width":338,"height":176,"caption":"Mont SUTTON"},"image":{"@id":"https:\/\/staging.montsutton.com\/#\/schema\/logo\/image\/"},"sameAs":["https:\/\/www.facebook.com\/montsutton","https:\/\/x.com\/montsutton","https:\/\/www.instagram.com\/montsutton\/","https:\/\/www.youtube.com\/user\/montsutton"]}]}},"publishpress_future_action":{"enabled":false,"date":"2026-05-11 10:08:02","action":"change-status","newStatus":"draft","terms":[],"taxonomy":"translation_priority","extraData":[]},"publishpress_future_workflow_manual_trigger":{"enabledWorkflows":[]},"_links":{"self":[{"href":"https:\/\/staging.montsutton.com\/en\/wp-json\/wp\/v2\/pages\/4836","targetHints":{"allow":["GET"]}}],"collection":[{"href":"https:\/\/staging.montsutton.com\/en\/wp-json\/wp\/v2\/pages"}],"about":[{"href":"https:\/\/staging.montsutton.com\/en\/wp-json\/wp\/v2\/types\/page"}],"author":[{"embeddable":true,"href":"https:\/\/staging.montsutton.com\/en\/wp-json\/wp\/v2\/users\/23"}],"replies":[{"embeddable":true,"href":"https:\/\/staging.montsutton.com\/en\/wp-json\/wp\/v2\/comments?post=4836"}],"version-history":[{"count":7,"href":"https:\/\/staging.montsutton.com\/en\/wp-json\/wp\/v2\/pages\/4836\/revisions"}],"predecessor-version":[{"id":70282,"href":"https:\/\/staging.montsutton.com\/en\/wp-json\/wp\/v2\/pages\/4836\/revisions\/70282"}],"up":[{"embeddable":true,"href":"https:\/\/staging.montsutton.com\/en\/wp-json\/wp\/v2\/pages\/3766"}],"wp:attachment":[{"href":"https:\/\/staging.montsutton.com\/en\/wp-json\/wp\/v2\/media?parent=4836"}],"curies":[{"name":"wp","href":"https:\/\/api.w.org\/{rel}","templated":true}]}}